{"id":1582,"date":"2023-01-18T12:05:57","date_gmt":"2023-01-18T17:05:57","guid":{"rendered":"http:\/\/www.inspironsoft.in\/massageadagio\/?page_id=1582"},"modified":"2025-12-02T10:15:06","modified_gmt":"2025-12-02T15:15:06","slug":"salon-de-massage-montreal","status":"publish","type":"page","link":"https:\/\/massageadagio.ctx-dev.fr\/fr\/salon-de-massage-montreal\/","title":{"rendered":"#1 Salon De Massage Montreal"},"content":{"rendered":"\t\t<div data-elementor-type=\"wp-page\" data-elementor-id=\"1582\" class=\"elementor elementor-1582 elementor-12\" data-elementor-post-type=\"page\">\n\t\t\t\t\t\t<section class=\"elementor-section elementor-top-section elementor-element elementor-element-714527a elementor-section-boxed elementor-section-height-default elementor-section-height-default\" data-id=\"714527a\" data-element_type=\"section\" data-e-type=\"section\">\n\t\t\t\t\t\t<div class=\"elementor-container elementor-column-gap-default\">\n\t\t\t\t\t<div class=\"elementor-column elementor-col-100 elementor-top-column elementor-element elementor-element-2ed150b\" data-id=\"2ed150b\" data-element_type=\"column\" data-e-type=\"column\">\n\t\t\t<div class=\"elementor-widget-wrap elementor-element-populated\">\n\t\t\t\t\t\t<div class=\"elementor-element elementor-element-0352a0b elementor-widget elementor-widget-heading\" data-id=\"0352a0b\" data-element_type=\"widget\" data-e-type=\"widget\" data-widget_type=\"heading.default\">\n\t\t\t\t<div class=\"elementor-widget-container\">\n\t\t\t\t\t<h2 class=\"elementor-heading-title elementor-size-default\"># 1 Salon de massage \u00e0 Montr\u00e9al<\/h2>\t\t\t\t<\/div>\n\t\t\t\t<\/div>\n\t\t\t\t<div class=\"elementor-element elementor-element-f9febfa elementor-widget elementor-widget-heading\" data-id=\"f9febfa\" data-element_type=\"widget\" data-e-type=\"widget\" data-widget_type=\"heading.default\">\n\t\t\t\t<div class=\"elementor-widget-container\">\n\t\t\t\t\t<h4 class=\"elementor-heading-title elementor-size-default\">Bienvenue chez Adagio, le salon de massage le plus r\u00e9put\u00e9 de Montr\u00e9al depuis plus d'une d\u00e9cennie! Venez voir pourquoi notre salon de massage de Montr\u00e9al obtient tellement d'exag\u00e9ration. Nous sommes c\u00e9l\u00e8bres pour nos belles dames et pour nos luxueuses installations de salon de massage qui vous feront revenir pour plus ....<\/h4>\t\t\t\t<\/div>\n\t\t\t\t<\/div>\n\t\t\t\t<div class=\"elementor-element elementor-element-99bb4ac elementor-widget elementor-widget-heading\" data-id=\"99bb4ac\" data-element_type=\"widget\" data-e-type=\"widget\" data-widget_type=\"heading.default\">\n\t\t\t\t<div class=\"elementor-widget-container\">\n\t\t\t\t\t<h2 class=\"elementor-heading-title elementor-size-default\">Le meilleur salon de massage \u00e9rotique \u00e0 Montr\u00e9al<\/h2>\t\t\t\t<\/div>\n\t\t\t\t<\/div>\n\t\t\t\t<div class=\"elementor-element elementor-element-da44077 elementor-widget elementor-widget-text-editor\" data-id=\"da44077\" data-element_type=\"widget\" data-e-type=\"widget\" data-widget_type=\"text-editor.default\">\n\t\t\t\t<div class=\"elementor-widget-container\">\n\t\t\t\t\t\t\t\t\tD\u00e9couvrez le meilleur salon de massage de Montr\u00e9al ! Nos filles soigneusement choisies viennent du monde entier et leur \u00e9l\u00e9gance et raffinement vous s\u00e9duiront \u00e0 coup s\u00fbr. En tant que visages de notre marque, elles ont \u00e9t\u00e9 tri\u00e9es sur le volet et form\u00e9es pour assurer une exp\u00e9rience inoubliable \u00e0 tous ceux qui franchissent les portes de notre \u00e9tablissement. Nos femmes sont toutes diff\u00e9rentes en termes de look, de personnalit\u00e9 et de service mais sont toutes aussi charmantes les unes que les autres.\n\n\t\t\t\t\t\t\t\t<\/div>\n\t\t\t\t<\/div>\n\t\t\t\t<div class=\"elementor-element elementor-element-38c158f elementor-widget elementor-widget-heading\" data-id=\"38c158f\" data-element_type=\"widget\" data-e-type=\"widget\" data-widget_type=\"heading.default\">\n\t\t\t\t<div class=\"elementor-widget-container\">\n\t\t\t\t\t<h3 class=\"elementor-heading-title elementor-size-default\">A la recherche d'un salon de massage \u00e0 Montr\u00e9al?\n<\/h3>\t\t\t\t<\/div>\n\t\t\t\t<\/div>\n\t\t\t\t<div class=\"elementor-element elementor-element-9803c0f elementor-widget elementor-widget-text-editor\" data-id=\"9803c0f\" data-element_type=\"widget\" data-e-type=\"widget\" data-widget_type=\"text-editor.default\">\n\t\t\t\t<div class=\"elementor-widget-container\">\n\t\t\t\t\t\t\t\t\tSi vous \u00eates \u00e0 la recherche du meilleur salon de massage nu \u00e0 Montr\u00e9al alors vous \u00eates au bon endroit. Non seulement nous avons le salon de massage le plus luxueux de Montr\u00e9al, mais nous avons les dames \u00e0 \u00e9galer. R\u00e9servez d\u00e8s maintenant pour me meilleur moment de votre vie!\t\t\t\t\t\t\t\t<\/div>\n\t\t\t\t<\/div>\n\t\t\t\t\t<\/div>\n\t\t<\/div>\n\t\t\t\t\t<\/div>\n\t\t<\/section>\n\t\t\t\t<\/div>\n\t\t","protected":false},"excerpt":{"rendered":"<p># 1 Salon de massage \u00e0 Montr\u00e9al Bienvenue chez Adagio, le salon de massage le plus r\u00e9put\u00e9 de Montr\u00e9al depuis plus d&#8217;une d\u00e9cennie! Venez voir pourquoi notre salon de massage de Montr\u00e9al obtient tellement d&#8217;exag\u00e9ration. Nous sommes c\u00e9l\u00e8bres pour nos belles dames et pour nos luxueuses installations de salon de massage qui vous feront revenir <a class=\"readlink\" >Lire la suite<\/a><\/p>\n","protected":false},"author":38,"featured_media":19642,"parent":0,"menu_order":2,"comment_status":"closed","ping_status":"closed","template":"templetes-allgirls.php","meta":{"_acf_changed":false,"_glsr_average":0,"_glsr_ranking":0,"_glsr_reviews":0,"footnotes":""},"class_list":["post-1582","page","type-page","status-publish","has-post-thumbnail","hentry"],"acf":[],"yoast_head":"<!-- This site is optimized with the Yoast SEO plugin v26.9 - https:\/\/yoast.com\/product\/yoast-seo-wordpress\/ -->\n<title>Masseuses sensuelles \u00e0 Montr\u00e9al | Massage Adagio<\/title>\n<meta name=\"description\" content=\"Toutes les masseuses sensuelles de notre salon sont form\u00e9es pour r\u00e9pondre \u00e0 vos d\u00e9sirs et besoins de fa\u00e7on professionnelle. D\u00e9couvrez chacune d&#039;elles !\" \/>\n<meta name=\"robots\" content=\"noindex, follow, max-snippet:-1, max-image-preview:large, max-video-preview:-1\" \/>\n<meta property=\"og:locale\" content=\"fr_CA\" \/>\n<meta property=\"og:type\" content=\"article\" \/>\n<meta property=\"og:title\" content=\"Masseuses sensuelles \u00e0 Montr\u00e9al | Massage Adagio\" \/>\n<meta property=\"og:description\" content=\"Toutes les masseuses sensuelles de notre salon sont form\u00e9es pour r\u00e9pondre \u00e0 vos d\u00e9sirs et besoins de fa\u00e7on professionnelle. D\u00e9couvrez chacune d&#039;elles !\" \/>\n<meta property=\"og:url\" content=\"https:\/\/massageadagio.ctx-dev.fr\/fr\/salon-de-massage-montreal\/\" \/>\n<meta property=\"og:site_name\" content=\"Massage Adagio\" \/>\n<meta property=\"article:publisher\" content=\"https:\/\/www.facebook.com\/Massage-Adagio-1633493163583969\/?fref=ts\" \/>\n<meta property=\"article:modified_time\" content=\"2025-12-02T15:15:06+00:00\" \/>\n<meta property=\"og:image\" content=\"https:\/\/massageadagio.ctx-dev.fr\/wp-content\/uploads\/2019\/04\/our-girl.jpeg\" \/>\n\t<meta property=\"og:image:width\" content=\"1920\" \/>\n\t<meta property=\"og:image:height\" content=\"490\" \/>\n\t<meta property=\"og:image:type\" content=\"image\/jpeg\" \/>\n<meta name=\"twitter:card\" content=\"summary_large_image\" \/>\n<meta name=\"twitter:site\" content=\"@massage_adagio\" \/>\n<meta name=\"twitter:label1\" content=\"Est. reading time\" \/>\n\t<meta name=\"twitter:data1\" content=\"2 minutes\" \/>\n<script type=\"application\/ld+json\" class=\"yoast-schema-graph\">{\"@context\":\"https:\/\/schema.org\",\"@graph\":[{\"@type\":\"WebPage\",\"@id\":\"https:\/\/massageadagio.ctx-dev.fr\/fr\/salon-de-massage-montreal\/\",\"url\":\"https:\/\/massageadagio.ctx-dev.fr\/fr\/salon-de-massage-montreal\/\",\"name\":\"Masseuses sensuelles \u00e0 Montr\u00e9al | Massage Adagio\",\"isPartOf\":{\"@id\":\"https:\/\/massageadagio.ctx-dev.fr\/fr\/#website\"},\"primaryImageOfPage\":{\"@id\":\"https:\/\/massageadagio.ctx-dev.fr\/fr\/salon-de-massage-montreal\/#primaryimage\"},\"image\":{\"@id\":\"https:\/\/massageadagio.ctx-dev.fr\/fr\/salon-de-massage-montreal\/#primaryimage\"},\"thumbnailUrl\":\"https:\/\/massageadagio.ctx-dev.fr\/wp-content\/uploads\/2019\/04\/our-girl.jpeg\",\"datePublished\":\"2023-01-18T17:05:57+00:00\",\"dateModified\":\"2025-12-02T15:15:06+00:00\",\"description\":\"Toutes les masseuses sensuelles de notre salon sont form\u00e9es pour r\u00e9pondre \u00e0 vos d\u00e9sirs et besoins de fa\u00e7on professionnelle. D\u00e9couvrez chacune d'elles !\",\"breadcrumb\":{\"@id\":\"https:\/\/massageadagio.ctx-dev.fr\/fr\/salon-de-massage-montreal\/#breadcrumb\"},\"inLanguage\":\"fr-CA\",\"potentialAction\":[{\"@type\":\"ReadAction\",\"target\":[\"https:\/\/massageadagio.ctx-dev.fr\/fr\/salon-de-massage-montreal\/\"]}]},{\"@type\":\"ImageObject\",\"inLanguage\":\"fr-CA\",\"@id\":\"https:\/\/massageadagio.ctx-dev.fr\/fr\/salon-de-massage-montreal\/#primaryimage\",\"url\":\"https:\/\/massageadagio.ctx-dev.fr\/wp-content\/uploads\/2019\/04\/our-girl.jpeg\",\"contentUrl\":\"https:\/\/massageadagio.ctx-dev.fr\/wp-content\/uploads\/2019\/04\/our-girl.jpeg\",\"width\":1920,\"height\":490,\"caption\":\"top view picture of sexy masked girl in black lingerie lying on bed\"},{\"@type\":\"BreadcrumbList\",\"@id\":\"https:\/\/massageadagio.ctx-dev.fr\/fr\/salon-de-massage-montreal\/#breadcrumb\",\"itemListElement\":[{\"@type\":\"ListItem\",\"position\":1,\"name\":\"Home\",\"item\":\"https:\/\/massageadagio.ctx-dev.fr\/fr\/\"},{\"@type\":\"ListItem\",\"position\":2,\"name\":\"#1 Salon De Massage Montreal\"}]},{\"@type\":\"WebSite\",\"@id\":\"https:\/\/massageadagio.ctx-dev.fr\/fr\/#website\",\"url\":\"https:\/\/massageadagio.ctx-dev.fr\/fr\/\",\"name\":\"Massage Adagio\",\"description\":\"Massage Adagio\",\"publisher\":{\"@id\":\"https:\/\/massageadagio.ctx-dev.fr\/fr\/#organization\"},\"potentialAction\":[{\"@type\":\"SearchAction\",\"target\":{\"@type\":\"EntryPoint\",\"urlTemplate\":\"https:\/\/massageadagio.ctx-dev.fr\/fr\/?s={search_term_string}\"},\"query-input\":{\"@type\":\"PropertyValueSpecification\",\"valueRequired\":true,\"valueName\":\"search_term_string\"}}],\"inLanguage\":\"fr-CA\"},{\"@type\":\"Organization\",\"@id\":\"https:\/\/massageadagio.ctx-dev.fr\/fr\/#organization\",\"name\":\"Massage Adagio\",\"url\":\"https:\/\/massageadagio.ctx-dev.fr\/fr\/\",\"logo\":{\"@type\":\"ImageObject\",\"inLanguage\":\"fr-CA\",\"@id\":\"https:\/\/massageadagio.ctx-dev.fr\/fr\/#\/schema\/logo\/image\/\",\"url\":\"https:\/\/massageadagio.ctx-dev.fr\/wp-content\/uploads\/2019\/04\/logo.png\",\"contentUrl\":\"https:\/\/massageadagio.ctx-dev.fr\/wp-content\/uploads\/2019\/04\/logo.png\",\"width\":390,\"height\":130,\"caption\":\"Massage Adagio\"},\"image\":{\"@id\":\"https:\/\/massageadagio.ctx-dev.fr\/fr\/#\/schema\/logo\/image\/\"},\"sameAs\":[\"https:\/\/www.facebook.com\/Massage-Adagio-1633493163583969\/?fref=ts\",\"https:\/\/x.com\/massage_adagio\",\"https:\/\/www.instagram.com\/massageadagio\/\"]}]}<\/script>\n<!-- \/ Yoast SEO plugin. -->","yoast_head_json":{"title":"Masseuses sensuelles \u00e0 Montr\u00e9al | Massage Adagio","description":"Toutes les masseuses sensuelles de notre salon sont form\u00e9es pour r\u00e9pondre \u00e0 vos d\u00e9sirs et besoins de fa\u00e7on professionnelle. D\u00e9couvrez chacune d'elles !","robots":{"index":"noindex","follow":"follow","max-snippet":"max-snippet:-1","max-image-preview":"max-image-preview:large","max-video-preview":"max-video-preview:-1"},"og_locale":"fr_CA","og_type":"article","og_title":"Masseuses sensuelles \u00e0 Montr\u00e9al | Massage Adagio","og_description":"Toutes les masseuses sensuelles de notre salon sont form\u00e9es pour r\u00e9pondre \u00e0 vos d\u00e9sirs et besoins de fa\u00e7on professionnelle. D\u00e9couvrez chacune d'elles !","og_url":"https:\/\/massageadagio.ctx-dev.fr\/fr\/salon-de-massage-montreal\/","og_site_name":"Massage Adagio","article_publisher":"https:\/\/www.facebook.com\/Massage-Adagio-1633493163583969\/?fref=ts","article_modified_time":"2025-12-02T15:15:06+00:00","og_image":[{"width":1920,"height":490,"url":"https:\/\/massageadagio.ctx-dev.fr\/wp-content\/uploads\/2019\/04\/our-girl.jpeg","type":"image\/jpeg"}],"twitter_card":"summary_large_image","twitter_site":"@massage_adagio","twitter_misc":{"Est. reading time":"2 minutes"},"schema":{"@context":"https:\/\/schema.org","@graph":[{"@type":"WebPage","@id":"https:\/\/massageadagio.ctx-dev.fr\/fr\/salon-de-massage-montreal\/","url":"https:\/\/massageadagio.ctx-dev.fr\/fr\/salon-de-massage-montreal\/","name":"Masseuses sensuelles \u00e0 Montr\u00e9al | Massage Adagio","isPartOf":{"@id":"https:\/\/massageadagio.ctx-dev.fr\/fr\/#website"},"primaryImageOfPage":{"@id":"https:\/\/massageadagio.ctx-dev.fr\/fr\/salon-de-massage-montreal\/#primaryimage"},"image":{"@id":"https:\/\/massageadagio.ctx-dev.fr\/fr\/salon-de-massage-montreal\/#primaryimage"},"thumbnailUrl":"https:\/\/massageadagio.ctx-dev.fr\/wp-content\/uploads\/2019\/04\/our-girl.jpeg","datePublished":"2023-01-18T17:05:57+00:00","dateModified":"2025-12-02T15:15:06+00:00","description":"Toutes les masseuses sensuelles de notre salon sont form\u00e9es pour r\u00e9pondre \u00e0 vos d\u00e9sirs et besoins de fa\u00e7on professionnelle. D\u00e9couvrez chacune d'elles !","breadcrumb":{"@id":"https:\/\/massageadagio.ctx-dev.fr\/fr\/salon-de-massage-montreal\/#breadcrumb"},"inLanguage":"fr-CA","potentialAction":[{"@type":"ReadAction","target":["https:\/\/massageadagio.ctx-dev.fr\/fr\/salon-de-massage-montreal\/"]}]},{"@type":"ImageObject","inLanguage":"fr-CA","@id":"https:\/\/massageadagio.ctx-dev.fr\/fr\/salon-de-massage-montreal\/#primaryimage","url":"https:\/\/massageadagio.ctx-dev.fr\/wp-content\/uploads\/2019\/04\/our-girl.jpeg","contentUrl":"https:\/\/massageadagio.ctx-dev.fr\/wp-content\/uploads\/2019\/04\/our-girl.jpeg","width":1920,"height":490,"caption":"top view picture of sexy masked girl in black lingerie lying on bed"},{"@type":"BreadcrumbList","@id":"https:\/\/massageadagio.ctx-dev.fr\/fr\/salon-de-massage-montreal\/#breadcrumb","itemListElement":[{"@type":"ListItem","position":1,"name":"Home","item":"https:\/\/massageadagio.ctx-dev.fr\/fr\/"},{"@type":"ListItem","position":2,"name":"#1 Salon De Massage Montreal"}]},{"@type":"WebSite","@id":"https:\/\/massageadagio.ctx-dev.fr\/fr\/#website","url":"https:\/\/massageadagio.ctx-dev.fr\/fr\/","name":"Massage Adagio","description":"Massage Adagio","publisher":{"@id":"https:\/\/massageadagio.ctx-dev.fr\/fr\/#organization"},"potentialAction":[{"@type":"SearchAction","target":{"@type":"EntryPoint","urlTemplate":"https:\/\/massageadagio.ctx-dev.fr\/fr\/?s={search_term_string}"},"query-input":{"@type":"PropertyValueSpecification","valueRequired":true,"valueName":"search_term_string"}}],"inLanguage":"fr-CA"},{"@type":"Organization","@id":"https:\/\/massageadagio.ctx-dev.fr\/fr\/#organization","name":"Massage Adagio","url":"https:\/\/massageadagio.ctx-dev.fr\/fr\/","logo":{"@type":"ImageObject","inLanguage":"fr-CA","@id":"https:\/\/massageadagio.ctx-dev.fr\/fr\/#\/schema\/logo\/image\/","url":"https:\/\/massageadagio.ctx-dev.fr\/wp-content\/uploads\/2019\/04\/logo.png","contentUrl":"https:\/\/massageadagio.ctx-dev.fr\/wp-content\/uploads\/2019\/04\/logo.png","width":390,"height":130,"caption":"Massage Adagio"},"image":{"@id":"https:\/\/massageadagio.ctx-dev.fr\/fr\/#\/schema\/logo\/image\/"},"sameAs":["https:\/\/www.facebook.com\/Massage-Adagio-1633493163583969\/?fref=ts","https:\/\/x.com\/massage_adagio","https:\/\/www.instagram.com\/massageadagio\/"]}]}},"_links":{"self":[{"href":"https:\/\/massageadagio.ctx-dev.fr\/fr\/wp-json\/wp\/v2\/pages\/1582","targetHints":{"allow":["GET"]}}],"collection":[{"href":"https:\/\/massageadagio.ctx-dev.fr\/fr\/wp-json\/wp\/v2\/pages"}],"about":[{"href":"https:\/\/massageadagio.ctx-dev.fr\/fr\/wp-json\/wp\/v2\/types\/page"}],"author":[{"embeddable":true,"href":"https:\/\/massageadagio.ctx-dev.fr\/fr\/wp-json\/wp\/v2\/users\/38"}],"replies":[{"embeddable":true,"href":"https:\/\/massageadagio.ctx-dev.fr\/fr\/wp-json\/wp\/v2\/comments?post=1582"}],"version-history":[{"count":0,"href":"https:\/\/massageadagio.ctx-dev.fr\/fr\/wp-json\/wp\/v2\/pages\/1582\/revisions"}],"wp:featuredmedia":[{"embeddable":true,"href":"https:\/\/massageadagio.ctx-dev.fr\/fr\/wp-json\/wp\/v2\/media\/19642"}],"wp:attachment":[{"href":"https:\/\/massageadagio.ctx-dev.fr\/fr\/wp-json\/wp\/v2\/media?parent=1582"}],"curies":[{"name":"wp","href":"https:\/\/api.w.org\/{rel}","templated":true}]}}