{"id":4889,"date":"2017-01-19T06:43:12","date_gmt":"2017-01-19T11:43:12","guid":{"rendered":"http:\/\/massageadagio.com\/?page_id=4889"},"modified":"2024-04-17T16:07:45","modified_gmt":"2024-04-17T21:07:45","slug":"massage-montreal","status":"publish","type":"page","link":"https:\/\/massageadagio.ctx-dev.fr\/fr\/massage-montreal\/","title":{"rendered":"Horaire"},"content":{"rendered":"\t\t<div data-elementor-type=\"wp-page\" data-elementor-id=\"4889\" class=\"elementor elementor-4889 elementor-4887\" data-elementor-post-type=\"page\">\n\t\t\t\t\t\t<section class=\"elementor-section elementor-top-section elementor-element elementor-element-48f12212 elementor-section-boxed elementor-section-height-default elementor-section-height-default\" data-id=\"48f12212\" data-element_type=\"section\" data-e-type=\"section\">\n\t\t\t\t\t\t<div class=\"elementor-container elementor-column-gap-default\">\n\t\t\t\t\t<div class=\"elementor-column elementor-col-100 elementor-top-column elementor-element elementor-element-c595480\" data-id=\"c595480\" data-element_type=\"column\" data-e-type=\"column\">\n\t\t\t<div class=\"elementor-widget-wrap elementor-element-populated\">\n\t\t\t\t\t\t<div class=\"elementor-element elementor-element-5cc4ff0 elementor-widget elementor-widget-heading\" data-id=\"5cc4ff0\" data-element_type=\"widget\" data-e-type=\"widget\" data-widget_type=\"heading.default\">\n\t\t\t\t<div class=\"elementor-widget-container\">\n\t\t\t\t\t<h2 class=\"elementor-heading-title elementor-size-default\">Services de massage \u00e0 Montr\u00e9al<\/h2>\t\t\t\t<\/div>\n\t\t\t\t<\/div>\n\t\t\t\t<div class=\"elementor-element elementor-element-faff089 elementor-widget elementor-widget-text-editor\" data-id=\"faff089\" data-element_type=\"widget\" data-e-type=\"widget\" data-widget_type=\"text-editor.default\">\n\t\t\t\t<div class=\"elementor-widget-container\">\n\t\t\t\t\t\t\t\t\tMassage Adagio offre tout ce qu\u2019il faut pour les massages \u00e0 Montr\u00e9al. Massage en couple, hommes ou femmes sont les bienvenus pour profiter de notre coin de paradis 7\/7. Nous offrons beaucoup de diff\u00e9rents types de pi\u00e8ces pour parfaitement adapter votre service. Des salles VIP sont \u00e9galement disponibles pour votre massage m\u00e9morable \u00e0 Montr\u00e9al.\nNous offrons diff\u00e9rents types de styles de massage pour votre plaisir. Massage nu, massage Nuru, massage des tissus profonds, massage \u00e0 4 mains, massage en couple et massage su\u00e9dois.\t\t\t\t\t\t\t\t<\/div>\n\t\t\t\t<\/div>\n\t\t\t\t<div class=\"elementor-element elementor-element-44a7e69 elementor-widget elementor-widget-text-editor\" data-id=\"44a7e69\" data-element_type=\"widget\" data-e-type=\"widget\" data-widget_type=\"text-editor.default\">\n\t\t\t\t<div class=\"elementor-widget-container\">\n\t\t\t\t\t\t\t\t\tChez Massage Adagio, notre syst\u00e8me de r\u00e9servation est bas\u00e9 sur le principe du  premier arriv\u00e9, premier servi. Si vous souhaitez faire une r\u00e9servation avec une de nos masseuse sexy, veuillez remplir le formulaire de r\u00e9servation en ligne et laisser votre num\u00e9ro de t\u00e9l\u00e9phone ou courriel pour une confirmation de rendez-vous. Vous pouvez \u00e9galement nous appeler. Nous vous recommandons toujours de faire une r\u00e9servation afin de vous assurer que les filles de votre choix sont disponibles.  Si vous souhaitez voir les femmes en personne avant de prendre votre d\u00e9cision, nous pouvons \u00e9galement faciliter une rencontre avec elles.\n\n\t\t\t\t\t\t\t\t<\/div>\n\t\t\t\t<\/div>\n\t\t\t\t<div class=\"elementor-element elementor-element-db84b96 elementor-widget elementor-widget-text-editor\" data-id=\"db84b96\" data-element_type=\"widget\" data-e-type=\"widget\" data-widget_type=\"text-editor.default\">\n\t\t\t\t<div class=\"elementor-widget-container\">\n\t\t\t\t\t\t\t\t\tLes horaires sont mis \u00e0 jour tous les dimanches \u00e0 12h. Suivez-nous sur Facebook ou Instagram pour recevoir des mises \u00e0 jour sur les nouveaut\u00e9s. Vous pouvez \u00e9galement \u00eatre notifi\u00e9 lorsque de nouveaux horaires sont mis en ligne.\n\n\t\t\t\t\t\t\t\t<\/div>\n\t\t\t\t<\/div>\n\t\t\t\t<div class=\"elementor-element elementor-element-dda5206 elementor-widget elementor-widget-spacer\" data-id=\"dda5206\" data-element_type=\"widget\" data-e-type=\"widget\" data-widget_type=\"spacer.default\">\n\t\t\t\t<div class=\"elementor-widget-container\">\n\t\t\t\t\t\t\t<div class=\"elementor-spacer\">\n\t\t\t<div class=\"elementor-spacer-inner\"><\/div>\n\t\t<\/div>\n\t\t\t\t\t\t<\/div>\n\t\t\t\t<\/div>\n\t\t\t\t<div class=\"elementor-element elementor-element-01a9133 elementor-widget elementor-widget-heading\" data-id=\"01a9133\" data-element_type=\"widget\" data-e-type=\"widget\" data-widget_type=\"heading.default\">\n\t\t\t\t<div class=\"elementor-widget-container\">\n\t\t\t\t\t<h2 class=\"elementor-heading-title elementor-size-default\">Vous cherchez un massage montr\u00e9alais inoubliable?\n<\/h2>\t\t\t\t<\/div>\n\t\t\t\t<\/div>\n\t\t\t\t<div class=\"elementor-element elementor-element-3843304 elementor-widget elementor-widget-text-editor\" data-id=\"3843304\" data-element_type=\"widget\" data-e-type=\"widget\" data-widget_type=\"text-editor.default\">\n\t\t\t\t<div class=\"elementor-widget-container\">\n\t\t\t\t\t\t\t\t\tNos services de massage \u00e0 Montr\u00e9al vont d\u2019un massage de 30 minutes \u00e0 4 heures avec plusieurs filles. Laissez-nous faire de votre r\u00eave le plus fou une r\u00e9alit\u00e9! Les services de massoth\u00e9rapie de Montr\u00e9al sont ouverts 24 heures sur 24, 365 jours par ann\u00e9e. Massage Montr\u00e9al chez Adagio!\n\n\t\t\t\t\t\t\t\t<\/div>\n\t\t\t\t<\/div>\n\t\t\t\t\t<\/div>\n\t\t<\/div>\n\t\t\t\t\t<\/div>\n\t\t<\/section>\n\t\t\t\t<\/div>\n\t\t","protected":false},"excerpt":{"rendered":"<p>Services de massage \u00e0 Montr\u00e9al Massage Adagio offre tout ce qu\u2019il faut pour les massages \u00e0 Montr\u00e9al. Massage en couple, hommes ou femmes sont les bienvenus pour profiter de notre coin de paradis 7\/7. Nous offrons beaucoup de diff\u00e9rents types de pi\u00e8ces pour parfaitement adapter votre service. Des salles VIP sont \u00e9galement disponibles pour votre <a class=\"readlink\" >Lire la suite<\/a><\/p>\n","protected":false},"author":38,"featured_media":19626,"parent":0,"menu_order":0,"comment_status":"closed","ping_status":"closed","template":"templete-week-new.php","meta":{"_acf_changed":false,"_glsr_average":0,"_glsr_ranking":0,"_glsr_reviews":0,"footnotes":""},"class_list":["post-4889","page","type-page","status-publish","has-post-thumbnail","hentry"],"acf":[],"yoast_head":"<!-- This site is optimized with the Yoast SEO plugin v26.9 - https:\/\/yoast.com\/product\/yoast-seo-wordpress\/ -->\n<title>R\u00e9servation en Ligne Massage \u00c9rotique | Massage Adagio<\/title>\n<meta name=\"description\" content=\"Besoin d&#039;un moment de d\u00e9tente sensuel? V\u00e9rifiez les disponibilit\u00e9s de nos masseuses \u00e9rotique et r\u00e9servez d\u00e9s maintenant en ligne ou par t\u00e9l\u00e9phone !\" \/>\n<meta name=\"robots\" content=\"noindex, follow, max-snippet:-1, max-image-preview:large, max-video-preview:-1\" \/>\n<meta property=\"og:locale\" content=\"fr_CA\" \/>\n<meta property=\"og:type\" content=\"article\" \/>\n<meta property=\"og:title\" content=\"R\u00e9servation en Ligne Massage \u00c9rotique | Massage Adagio\" \/>\n<meta property=\"og:description\" content=\"Besoin d&#039;un moment de d\u00e9tente sensuel? V\u00e9rifiez les disponibilit\u00e9s de nos masseuses \u00e9rotique et r\u00e9servez d\u00e9s maintenant en ligne ou par t\u00e9l\u00e9phone !\" \/>\n<meta property=\"og:url\" content=\"https:\/\/massageadagio.ctx-dev.fr\/fr\/massage-montreal\/\" \/>\n<meta property=\"og:site_name\" content=\"Massage Adagio\" \/>\n<meta property=\"article:publisher\" content=\"https:\/\/www.facebook.com\/Massage-Adagio-1633493163583969\/?fref=ts\" \/>\n<meta property=\"article:modified_time\" content=\"2024-04-17T21:07:45+00:00\" \/>\n<meta property=\"og:image\" content=\"https:\/\/massageadagio.ctx-dev.fr\/wp-content\/uploads\/2019\/04\/schedule.jpeg\" \/>\n\t<meta property=\"og:image:width\" content=\"1920\" \/>\n\t<meta property=\"og:image:height\" content=\"479\" \/>\n\t<meta property=\"og:image:type\" content=\"image\/jpeg\" \/>\n<meta name=\"twitter:card\" content=\"summary_large_image\" \/>\n<meta name=\"twitter:site\" content=\"@massage_adagio\" \/>\n<meta name=\"twitter:label1\" content=\"Est. reading time\" \/>\n\t<meta name=\"twitter:data1\" content=\"2 minutes\" \/>\n<script type=\"application\/ld+json\" class=\"yoast-schema-graph\">{\"@context\":\"https:\/\/schema.org\",\"@graph\":[{\"@type\":\"WebPage\",\"@id\":\"https:\/\/massageadagio.ctx-dev.fr\/fr\/massage-montreal\/\",\"url\":\"https:\/\/massageadagio.ctx-dev.fr\/fr\/massage-montreal\/\",\"name\":\"R\u00e9servation en Ligne Massage \u00c9rotique | Massage Adagio\",\"isPartOf\":{\"@id\":\"https:\/\/massageadagio.ctx-dev.fr\/fr\/#website\"},\"primaryImageOfPage\":{\"@id\":\"https:\/\/massageadagio.ctx-dev.fr\/fr\/massage-montreal\/#primaryimage\"},\"image\":{\"@id\":\"https:\/\/massageadagio.ctx-dev.fr\/fr\/massage-montreal\/#primaryimage\"},\"thumbnailUrl\":\"https:\/\/massageadagio.ctx-dev.fr\/wp-content\/uploads\/2019\/04\/schedule.jpeg\",\"datePublished\":\"2017-01-19T11:43:12+00:00\",\"dateModified\":\"2024-04-17T21:07:45+00:00\",\"description\":\"Besoin d'un moment de d\u00e9tente sensuel? V\u00e9rifiez les disponibilit\u00e9s de nos masseuses \u00e9rotique et r\u00e9servez d\u00e9s maintenant en ligne ou par t\u00e9l\u00e9phone !\",\"breadcrumb\":{\"@id\":\"https:\/\/massageadagio.ctx-dev.fr\/fr\/massage-montreal\/#breadcrumb\"},\"inLanguage\":\"fr-CA\",\"potentialAction\":[{\"@type\":\"ReadAction\",\"target\":[\"https:\/\/massageadagio.ctx-dev.fr\/fr\/massage-montreal\/\"]}]},{\"@type\":\"ImageObject\",\"inLanguage\":\"fr-CA\",\"@id\":\"https:\/\/massageadagio.ctx-dev.fr\/fr\/massage-montreal\/#primaryimage\",\"url\":\"https:\/\/massageadagio.ctx-dev.fr\/wp-content\/uploads\/2019\/04\/schedule.jpeg\",\"contentUrl\":\"https:\/\/massageadagio.ctx-dev.fr\/wp-content\/uploads\/2019\/04\/schedule.jpeg\",\"width\":1920,\"height\":479,\"caption\":\"Woman in bed. Sexy girl in underwear.\"},{\"@type\":\"BreadcrumbList\",\"@id\":\"https:\/\/massageadagio.ctx-dev.fr\/fr\/massage-montreal\/#breadcrumb\",\"itemListElement\":[{\"@type\":\"ListItem\",\"position\":1,\"name\":\"Home\",\"item\":\"https:\/\/massageadagio.ctx-dev.fr\/fr\/\"},{\"@type\":\"ListItem\",\"position\":2,\"name\":\"Horaire\"}]},{\"@type\":\"WebSite\",\"@id\":\"https:\/\/massageadagio.ctx-dev.fr\/fr\/#website\",\"url\":\"https:\/\/massageadagio.ctx-dev.fr\/fr\/\",\"name\":\"Massage Adagio\",\"description\":\"Massage Adagio\",\"publisher\":{\"@id\":\"https:\/\/massageadagio.ctx-dev.fr\/fr\/#organization\"},\"potentialAction\":[{\"@type\":\"SearchAction\",\"target\":{\"@type\":\"EntryPoint\",\"urlTemplate\":\"https:\/\/massageadagio.ctx-dev.fr\/fr\/?s={search_term_string}\"},\"query-input\":{\"@type\":\"PropertyValueSpecification\",\"valueRequired\":true,\"valueName\":\"search_term_string\"}}],\"inLanguage\":\"fr-CA\"},{\"@type\":\"Organization\",\"@id\":\"https:\/\/massageadagio.ctx-dev.fr\/fr\/#organization\",\"name\":\"Massage Adagio\",\"url\":\"https:\/\/massageadagio.ctx-dev.fr\/fr\/\",\"logo\":{\"@type\":\"ImageObject\",\"inLanguage\":\"fr-CA\",\"@id\":\"https:\/\/massageadagio.ctx-dev.fr\/fr\/#\/schema\/logo\/image\/\",\"url\":\"https:\/\/massageadagio.ctx-dev.fr\/wp-content\/uploads\/2019\/04\/logo.png\",\"contentUrl\":\"https:\/\/massageadagio.ctx-dev.fr\/wp-content\/uploads\/2019\/04\/logo.png\",\"width\":390,\"height\":130,\"caption\":\"Massage Adagio\"},\"image\":{\"@id\":\"https:\/\/massageadagio.ctx-dev.fr\/fr\/#\/schema\/logo\/image\/\"},\"sameAs\":[\"https:\/\/www.facebook.com\/Massage-Adagio-1633493163583969\/?fref=ts\",\"https:\/\/x.com\/massage_adagio\",\"https:\/\/www.instagram.com\/massageadagio\/\"]}]}<\/script>\n<!-- \/ Yoast SEO plugin. -->","yoast_head_json":{"title":"R\u00e9servation en Ligne Massage \u00c9rotique | Massage Adagio","description":"Besoin d'un moment de d\u00e9tente sensuel? V\u00e9rifiez les disponibilit\u00e9s de nos masseuses \u00e9rotique et r\u00e9servez d\u00e9s maintenant en ligne ou par t\u00e9l\u00e9phone !","robots":{"index":"noindex","follow":"follow","max-snippet":"max-snippet:-1","max-image-preview":"max-image-preview:large","max-video-preview":"max-video-preview:-1"},"og_locale":"fr_CA","og_type":"article","og_title":"R\u00e9servation en Ligne Massage \u00c9rotique | Massage Adagio","og_description":"Besoin d'un moment de d\u00e9tente sensuel? V\u00e9rifiez les disponibilit\u00e9s de nos masseuses \u00e9rotique et r\u00e9servez d\u00e9s maintenant en ligne ou par t\u00e9l\u00e9phone !","og_url":"https:\/\/massageadagio.ctx-dev.fr\/fr\/massage-montreal\/","og_site_name":"Massage Adagio","article_publisher":"https:\/\/www.facebook.com\/Massage-Adagio-1633493163583969\/?fref=ts","article_modified_time":"2024-04-17T21:07:45+00:00","og_image":[{"width":1920,"height":479,"url":"https:\/\/massageadagio.ctx-dev.fr\/wp-content\/uploads\/2019\/04\/schedule.jpeg","type":"image\/jpeg"}],"twitter_card":"summary_large_image","twitter_site":"@massage_adagio","twitter_misc":{"Est. reading time":"2 minutes"},"schema":{"@context":"https:\/\/schema.org","@graph":[{"@type":"WebPage","@id":"https:\/\/massageadagio.ctx-dev.fr\/fr\/massage-montreal\/","url":"https:\/\/massageadagio.ctx-dev.fr\/fr\/massage-montreal\/","name":"R\u00e9servation en Ligne Massage \u00c9rotique | Massage Adagio","isPartOf":{"@id":"https:\/\/massageadagio.ctx-dev.fr\/fr\/#website"},"primaryImageOfPage":{"@id":"https:\/\/massageadagio.ctx-dev.fr\/fr\/massage-montreal\/#primaryimage"},"image":{"@id":"https:\/\/massageadagio.ctx-dev.fr\/fr\/massage-montreal\/#primaryimage"},"thumbnailUrl":"https:\/\/massageadagio.ctx-dev.fr\/wp-content\/uploads\/2019\/04\/schedule.jpeg","datePublished":"2017-01-19T11:43:12+00:00","dateModified":"2024-04-17T21:07:45+00:00","description":"Besoin d'un moment de d\u00e9tente sensuel? V\u00e9rifiez les disponibilit\u00e9s de nos masseuses \u00e9rotique et r\u00e9servez d\u00e9s maintenant en ligne ou par t\u00e9l\u00e9phone !","breadcrumb":{"@id":"https:\/\/massageadagio.ctx-dev.fr\/fr\/massage-montreal\/#breadcrumb"},"inLanguage":"fr-CA","potentialAction":[{"@type":"ReadAction","target":["https:\/\/massageadagio.ctx-dev.fr\/fr\/massage-montreal\/"]}]},{"@type":"ImageObject","inLanguage":"fr-CA","@id":"https:\/\/massageadagio.ctx-dev.fr\/fr\/massage-montreal\/#primaryimage","url":"https:\/\/massageadagio.ctx-dev.fr\/wp-content\/uploads\/2019\/04\/schedule.jpeg","contentUrl":"https:\/\/massageadagio.ctx-dev.fr\/wp-content\/uploads\/2019\/04\/schedule.jpeg","width":1920,"height":479,"caption":"Woman in bed. Sexy girl in underwear."},{"@type":"BreadcrumbList","@id":"https:\/\/massageadagio.ctx-dev.fr\/fr\/massage-montreal\/#breadcrumb","itemListElement":[{"@type":"ListItem","position":1,"name":"Home","item":"https:\/\/massageadagio.ctx-dev.fr\/fr\/"},{"@type":"ListItem","position":2,"name":"Horaire"}]},{"@type":"WebSite","@id":"https:\/\/massageadagio.ctx-dev.fr\/fr\/#website","url":"https:\/\/massageadagio.ctx-dev.fr\/fr\/","name":"Massage Adagio","description":"Massage Adagio","publisher":{"@id":"https:\/\/massageadagio.ctx-dev.fr\/fr\/#organization"},"potentialAction":[{"@type":"SearchAction","target":{"@type":"EntryPoint","urlTemplate":"https:\/\/massageadagio.ctx-dev.fr\/fr\/?s={search_term_string}"},"query-input":{"@type":"PropertyValueSpecification","valueRequired":true,"valueName":"search_term_string"}}],"inLanguage":"fr-CA"},{"@type":"Organization","@id":"https:\/\/massageadagio.ctx-dev.fr\/fr\/#organization","name":"Massage Adagio","url":"https:\/\/massageadagio.ctx-dev.fr\/fr\/","logo":{"@type":"ImageObject","inLanguage":"fr-CA","@id":"https:\/\/massageadagio.ctx-dev.fr\/fr\/#\/schema\/logo\/image\/","url":"https:\/\/massageadagio.ctx-dev.fr\/wp-content\/uploads\/2019\/04\/logo.png","contentUrl":"https:\/\/massageadagio.ctx-dev.fr\/wp-content\/uploads\/2019\/04\/logo.png","width":390,"height":130,"caption":"Massage Adagio"},"image":{"@id":"https:\/\/massageadagio.ctx-dev.fr\/fr\/#\/schema\/logo\/image\/"},"sameAs":["https:\/\/www.facebook.com\/Massage-Adagio-1633493163583969\/?fref=ts","https:\/\/x.com\/massage_adagio","https:\/\/www.instagram.com\/massageadagio\/"]}]}},"_links":{"self":[{"href":"https:\/\/massageadagio.ctx-dev.fr\/fr\/wp-json\/wp\/v2\/pages\/4889","targetHints":{"allow":["GET"]}}],"collection":[{"href":"https:\/\/massageadagio.ctx-dev.fr\/fr\/wp-json\/wp\/v2\/pages"}],"about":[{"href":"https:\/\/massageadagio.ctx-dev.fr\/fr\/wp-json\/wp\/v2\/types\/page"}],"author":[{"embeddable":true,"href":"https:\/\/massageadagio.ctx-dev.fr\/fr\/wp-json\/wp\/v2\/users\/38"}],"replies":[{"embeddable":true,"href":"https:\/\/massageadagio.ctx-dev.fr\/fr\/wp-json\/wp\/v2\/comments?post=4889"}],"version-history":[{"count":0,"href":"https:\/\/massageadagio.ctx-dev.fr\/fr\/wp-json\/wp\/v2\/pages\/4889\/revisions"}],"wp:featuredmedia":[{"embeddable":true,"href":"https:\/\/massageadagio.ctx-dev.fr\/fr\/wp-json\/wp\/v2\/media\/19626"}],"wp:attachment":[{"href":"https:\/\/massageadagio.ctx-dev.fr\/fr\/wp-json\/wp\/v2\/media?parent=4889"}],"curies":[{"name":"wp","href":"https:\/\/api.w.org\/{rel}","templated":true}]}}